{"id":846,"date":"2023-12-26T18:32:13","date_gmt":"2023-12-26T18:32:13","guid":{"rendered":"https:\/\/kairoc.eu\/real-estate-strategy\/business-focus\/"},"modified":"2023-12-28T19:51:30","modified_gmt":"2023-12-28T19:51:30","slug":"enfoque-empresarial","status":"publish","type":"page","link":"https:\/\/kairoc.eu\/es\/estrategia-inmobiliaria\/enfoque-empresarial\/","title":{"rendered":"ENFOQUE EMPRESARIAL"},"content":{"rendered":"\t\t<div data-elementor-type=\"wp-page\" data-elementor-id=\"846\" class=\"elementor elementor-846\" data-elementor-post-type=\"page\">\n\t\t\t\t<div class=\"elementor-element elementor-element-7bc8939 e-flex e-con-boxed e-con e-parent\" data-id=\"7bc8939\" data-element_type=\"container\" data-e-type=\"container\" data-settings=\"{&quot;background_background&quot;:&quot;classic&quot;}\">\n\t\t\t\t\t<div class=\"e-con-inner\">\n\t\t\t\t<div class=\"elementor-element elementor-element-1eeee61 elementor-widget elementor-widget-heading\" data-id=\"1eeee61\" data-element_type=\"widget\" data-e-type=\"widget\" data-widget_type=\"heading.default\">\n\t\t\t\t<div class=\"elementor-widget-container\">\n\t\t\t\t\t<h2 class=\"elementor-heading-title elementor-size-default\">ENFOQUE EMPRESARIAL<\/h2>\t\t\t\t<\/div>\n\t\t\t\t<\/div>\n\t\t\t\t<div class=\"elementor-element elementor-element-b0f72fa elementor-widget elementor-widget-text-editor\" data-id=\"b0f72fa\" data-element_type=\"widget\" data-e-type=\"widget\" data-widget_type=\"text-editor.default\">\n\t\t\t\t<div class=\"elementor-widget-container\">\n\t\t\t\t\t\t\t\t\t<p><strong>KAIROC EN POCAS PALABRAS<\/strong><\/p>\t\t\t\t\t\t\t\t<\/div>\n\t\t\t\t<\/div>\n\t\t\t\t\t<\/div>\n\t\t\t\t<\/div>\n\t\t<div class=\"elementor-element elementor-element-8630a8b e-flex e-con-boxed e-con e-parent\" data-id=\"8630a8b\" data-element_type=\"container\" data-e-type=\"container\">\n\t\t\t\t\t<div class=\"e-con-inner\">\n\t\t\t\t<div class=\"elementor-element elementor-element-810b4d2 elementor-widget elementor-widget-text-editor\" data-id=\"810b4d2\" data-element_type=\"widget\" data-e-type=\"widget\" data-widget_type=\"text-editor.default\">\n\t\t\t\t<div class=\"elementor-widget-container\">\n\t\t\t\t\t\t\t\t\t<p>KAIROC REAL ESTATE FUND es un fondo paneuropeo, en forma de SOCIMI, centrado principalmente en los mercados inmobiliarios de oficinas PRIME en Alemania y Francia. La ambici\u00f3n del KAIROC REAL ESTATE FUND es invertir m\u00e1s de 800 millones de euros, principalmente en las ciudades de Par\u00eds, Hamburgo, M\u00fanich y Berl\u00edn.<\/p><p>El proyecto de KAIROC REAL ESTATE FUND naci\u00f3 de los grandes cambios que se est\u00e1n produciendo en los mercados inmobiliario y financiero desde hace m\u00e1s de un a\u00f1o.<\/p><p>Por un lado, asistimos a una reorientaci\u00f3n cada vez mayor de los usuarios hacia ubicaciones \u00abprincipales\u00bb. Estas ubicaciones ofrecen un alto nivel de servicios, accesibilidad de m\u00e1xima calidad y direcciones de renombre, con tasas de desocupaci\u00f3n hist\u00f3ricamente bajas y una competencia creciente por el espacio de oficinas disponible, lo que est\u00e1 elevando los alquileres preferenciales.<\/p><p>Por otro lado, asistimos a un mercado de inversi\u00f3n que se ha estancado, con el fuerte aumento de los tipos de inter\u00e9s frenando a las empresas inmobiliarias y la competencia del mercado de bonos. Como resultado, las aseguradoras institucionales se vieron obligadas a modificar parte de sus asignaciones de activos, creando un verdadero efecto de tijera \u00abinverso\u00bb y una oportunidad de mercado \u00fanica para posicionarnos en activos \u00abprime\u00bb cada vez m\u00e1s buscados y con mayores tasas de rentabilidad.<\/p>\t\t\t\t\t\t\t\t<\/div>\n\t\t\t\t<\/div>\n\t\t\t\t\t<\/div>\n\t\t\t\t<\/div>\n\t\t\t\t<\/div>\n\t\t","protected":false},"excerpt":{"rendered":"<p>ENFOQUE EMPRESARIAL KAIROC EN POCAS PALABRAS KAIROC REAL ESTATE FUND es un fondo paneuropeo, en forma de SOCIMI, centrado principalmente en los mercados inmobiliarios de oficinas PRIME en Alemania y Francia. La ambici\u00f3n del KAIROC REAL ESTATE FUND es invertir m\u00e1s de 800 millones de euros, principalmente en las ciudades de Par\u00eds, Hamburgo, M\u00fanich y [&hellip;]<\/p>\n","protected":false},"author":1,"featured_media":0,"parent":845,"menu_order":0,"comment_status":"closed","ping_status":"closed","template":"","meta":{"footnotes":""},"class_list":["post-846","page","type-page","status-publish","hentry"],"_links":{"self":[{"href":"https:\/\/kairoc.eu\/es\/wp-json\/wp\/v2\/pages\/846","targetHints":{"allow":["GET"]}}],"collection":[{"href":"https:\/\/kairoc.eu\/es\/wp-json\/wp\/v2\/pages"}],"about":[{"href":"https:\/\/kairoc.eu\/es\/wp-json\/wp\/v2\/types\/page"}],"author":[{"embeddable":true,"href":"https:\/\/kairoc.eu\/es\/wp-json\/wp\/v2\/users\/1"}],"replies":[{"embeddable":true,"href":"https:\/\/kairoc.eu\/es\/wp-json\/wp\/v2\/comments?post=846"}],"version-history":[{"count":4,"href":"https:\/\/kairoc.eu\/es\/wp-json\/wp\/v2\/pages\/846\/revisions"}],"predecessor-version":[{"id":907,"href":"https:\/\/kairoc.eu\/es\/wp-json\/wp\/v2\/pages\/846\/revisions\/907"}],"up":[{"embeddable":true,"href":"https:\/\/kairoc.eu\/es\/wp-json\/wp\/v2\/pages\/845"}],"wp:attachment":[{"href":"https:\/\/kairoc.eu\/es\/wp-json\/wp\/v2\/media?parent=846"}],"curies":[{"name":"wp","href":"https:\/\/api.w.org\/{rel}","templated":true}]}}