{"id":845,"date":"2023-12-26T16:05:58","date_gmt":"2023-12-26T16:05:58","guid":{"rendered":"https:\/\/kairoc.eu\/real-estate-strategy\/"},"modified":"2023-12-28T19:56:55","modified_gmt":"2023-12-28T19:56:55","slug":"estrategia-inmobiliaria","status":"publish","type":"page","link":"https:\/\/kairoc.eu\/es\/estrategia-inmobiliaria\/","title":{"rendered":"ESTRATEGIA INMOBILIARIA"},"content":{"rendered":"\t\t<div data-elementor-type=\"wp-page\" data-elementor-id=\"845\" class=\"elementor elementor-845\" data-elementor-post-type=\"page\">\n\t\t\t\t<div class=\"elementor-element elementor-element-730e040 e-con-full e-flex e-con e-parent\" data-id=\"730e040\" data-element_type=\"container\" data-e-type=\"container\" data-settings=\"{&quot;background_background&quot;:&quot;classic&quot;}\">\n\t\t<div class=\"elementor-element elementor-element-11c7db1 e-con-full e-flex e-con e-child\" data-id=\"11c7db1\" data-element_type=\"container\" data-e-type=\"container\">\n\t\t<div class=\"elementor-element elementor-element-927f7be e-con-full e-flex e-con e-child\" data-id=\"927f7be\" data-element_type=\"container\" data-e-type=\"container\">\n\t\t\t\t<div class=\"elementor-element elementor-element-7b4025f elementor-widget elementor-widget-theme-site-logo elementor-widget-image\" data-id=\"7b4025f\" data-element_type=\"widget\" data-e-type=\"widget\" data-widget_type=\"theme-site-logo.default\">\n\t\t\t\t<div class=\"elementor-widget-container\">\n\t\t\t\t\t\t\t\t\t\t<div class=\"elementor-image\">\n\t\t\t\t\t\t\t\t<a href=\"https:\/\/kairoc.eu\/es\/\">\n\t\t\t<img fetchpriority=\"high\" decoding=\"async\" width=\"651\" height=\"156\" src=\"https:\/\/kairoc.eu\/wp-content\/uploads\/2023\/12\/cropped-Logo_Kairoc_H_CDB_72ppp.png\" class=\"attachment-full size-full wp-image-30\" alt=\"\" srcset=\"https:\/\/kairoc.eu\/wp-content\/uploads\/2023\/12\/cropped-Logo_Kairoc_H_CDB_72ppp.png 651w, https:\/\/kairoc.eu\/wp-content\/uploads\/2023\/12\/cropped-Logo_Kairoc_H_CDB_72ppp-300x72.png 300w\" sizes=\"(max-width: 651px) 100vw, 651px\" \/>\t\t\t\t<\/a>\n\t\t\t\t\t\t\t\t\t\t<\/div>\n\t\t\t\t\t\t\t\t<\/div>\n\t\t\t\t<\/div>\n\t\t\t\t<\/div>\n\t\t<div class=\"elementor-element elementor-element-76ea5b3 e-con-full e-flex e-con e-child\" data-id=\"76ea5b3\" data-element_type=\"container\" data-e-type=\"container\">\n\t\t\t\t<div class=\"elementor-element elementor-element-cecc478 elementor-widget elementor-widget-shortcode\" data-id=\"cecc478\" data-element_type=\"widget\" data-e-type=\"widget\" data-widget_type=\"shortcode.default\">\n\t\t\t\t<div class=\"elementor-widget-container\">\n\t\t\t\t\t\t\t<div class=\"elementor-shortcode\">\n<div class=\"wpml-ls-statics-shortcode_actions wpml-ls wpml-ls-legacy-list-horizontal\">\n\t<ul><li class=\"wpml-ls-slot-shortcode_actions wpml-ls-item wpml-ls-item-en wpml-ls-first-item wpml-ls-item-legacy-list-horizontal\">\n\t\t\t\t<a href=\"https:\/\/kairoc.eu\" class=\"wpml-ls-link\">\n                                                        <img decoding=\"async\"\n            class=\"wpml-ls-flag\"\n            src=\"https:\/\/kairoc.eu\/wp-content\/plugins\/sitepress-multilingual-cms\/res\/flags\/en.png\"\n            alt=\"Ingl\u00e9s\"\n            width=22\n            height=14\n    \/><\/a>\n\t\t\t<\/li><li class=\"wpml-ls-slot-shortcode_actions wpml-ls-item wpml-ls-item-es wpml-ls-current-language wpml-ls-last-item wpml-ls-item-legacy-list-horizontal\">\n\t\t\t\t<a href=\"https:\/\/kairoc.eu\/es\/\" class=\"wpml-ls-link\">\n                                                        <img decoding=\"async\"\n            class=\"wpml-ls-flag\"\n            src=\"https:\/\/kairoc.eu\/wp-content\/plugins\/sitepress-multilingual-cms\/res\/flags\/es.png\"\n            alt=\"Espa\u00f1ol\"\n            width=22\n            height=14\n    \/><\/a>\n\t\t\t<\/li><\/ul>\n<\/div>\n<\/div>\n\t\t\t\t\t\t<\/div>\n\t\t\t\t<\/div>\n\t\t\t\t<div class=\"elementor-element elementor-element-a539203 elementor-view-default elementor-widget elementor-widget-icon\" data-id=\"a539203\" data-element_type=\"widget\" data-e-type=\"widget\" data-widget_type=\"icon.default\">\n\t\t\t\t<div class=\"elementor-widget-container\">\n\t\t\t\t\t\t\t<div class=\"elementor-icon-wrapper\">\n\t\t\t<a class=\"elementor-icon\" href=\"#elementor-action%3Aaction%3Dpopup%3Aopen%26settings%3DeyJpZCI6Ijk5IiwidG9nZ2xlIjpmYWxzZX0%3D\">\n\t\t\t<i aria-hidden=\"true\" class=\"jki jki-menu-11-light\"><\/i>\t\t\t<\/a>\n\t\t<\/div>\n\t\t\t\t\t\t<\/div>\n\t\t\t\t<\/div>\n\t\t\t\t<\/div>\n\t\t\t\t<\/div>\n\t\t\t\t<\/div>\n\t\t<div class=\"elementor-element elementor-element-480e69e e-flex e-con-boxed e-con e-parent\" data-id=\"480e69e\" data-element_type=\"container\" data-e-type=\"container\" data-settings=\"{&quot;background_background&quot;:&quot;classic&quot;}\">\n\t\t\t\t\t<div class=\"e-con-inner\">\n\t\t<div class=\"elementor-element elementor-element-a2834a0 e-flex e-con-boxed e-con e-child\" data-id=\"a2834a0\" data-element_type=\"container\" data-e-type=\"container\">\n\t\t\t\t\t<div class=\"e-con-inner\">\n\t\t<div class=\"elementor-element elementor-element-a4b0409 e-flex e-con-boxed e-con e-child\" data-id=\"a4b0409\" data-element_type=\"container\" data-e-type=\"container\">\n\t\t\t\t\t<div class=\"e-con-inner\">\n\t\t\t\t<div class=\"elementor-element elementor-element-0bc5d41 elementor-widget elementor-widget-ucaddon_icon_box_hover_effect\" data-id=\"0bc5d41\" data-element_type=\"widget\" data-e-type=\"widget\" data-widget_type=\"ucaddon_icon_box_hover_effect.default\">\n\t\t\t\t<div class=\"elementor-widget-container\">\n\t\t\t\t\t<!-- start Icon Box Hover Effect -->\n\t\t<link id='font-awesome-css' href='https:\/\/kairoc.eu\/wp-content\/plugins\/unlimited-elements-for-elementor-premium\/assets_libraries\/font-awesome5\/css\/fontawesome-all.min.css' type='text\/css' rel='stylesheet' >\n\t\t<link id='font-awesome-4-shim-css' href='https:\/\/kairoc.eu\/wp-content\/plugins\/unlimited-elements-for-elementor-premium\/assets_libraries\/font-awesome5\/css\/fontawesome-v4-shims.css' type='text\/css' rel='stylesheet' >\n\n\t\t\t<style type=\"text\/css\">\/* widget: Icon Box Hover Effect *\/\n\n#uc_icon_box_hover_effect_elementor_0bc5d41\n{\n  display:block;\n  padding:50px 40px;\n  text-align:center;\n  text-decoration:none;\n  color:black;\n  transition:1s ease-in-out;\n}\n\n#uc_icon_box_hover_effect_elementor_0bc5d41 .ue-box-icon\n{\n  line-height:1em;\n  padding-bottom:20px;\n  display:block;\n  width:100%;\n  transition:1s ease-in-out;\n  transform:translateY(40px);\n}\n\n#uc_icon_box_hover_effect_elementor_0bc5d41 .ue-box-icon svg\n{\n  height:1em;\n  width:1em;\n}\n\n#uc_icon_box_hover_effect_elementor_0bc5d41 .iconBoxHoverEffectTitle\n{\n  white-space: nowrap;\n  transition:1s ease-in-out;\n  width:100%;\n  padding-bottom:14px;\n  transform:translateY(40px);\n}\n\n.iconBoxHoverEffectTitle\n{\n  font-size:32px; \n}\n\n#uc_icon_box_hover_effect_elementor_0bc5d41 .iconBoxHoverEffectText\n{\n  text-align:left;\n  opacity:0;\n  transition:1s ease-in-out;\n  transform:translateY(30px);\n}\n\n\n#uc_icon_box_hover_effect_elementor_0bc5d41:hover .iconBoxHoverEffectTitle\n{\n  width:0%;\n  transform:translateY(0px);\n}\n\n#uc_icon_box_hover_effect_elementor_0bc5d41:hover .ue-box-icon\n{\n  width:0%;\n  transform:translateY(0px);\n}\n\n#uc_icon_box_hover_effect_elementor_0bc5d41:hover .iconBoxHoverEffectText\n{\n  opacity:1;\n  transform:translateY(0px);\n}\n\n<\/style>\n\n\t\t\t<a href=\"https:\/\/kairoc.eu\/es\/estrategia-inmobiliaria\/enfoque-empresarial\/\"  id=\"uc_icon_box_hover_effect_elementor_0bc5d41\" class=\"icon_box_hover_effect\">\n  <div class=\"ue-box-icon\"><svg xmlns=\"http:\/\/www.w3.org\/2000\/svg\" height=\"512pt\" viewBox=\"0 0 512 512.00069\" width=\"512pt\"><path d=\"m256.855469 178.625c7.046875 0 12.753906-5.710938 12.753906-12.753906 0-7.042969-5.707031-12.753906-12.753906-12.753906-56.347657 0-102.027344 45.679687-102.027344 102.03125 0 56.347656 45.679687 102.027343 102.027344 102.027343 56.351562 0 102.03125-45.679687 102.03125-102.027343 0-7.046876-5.710938-12.753907-12.753907-12.753907-7.042968 0-12.753906 5.707031-12.753906 12.753907 0 42.261718-34.257812 76.523437-76.523437 76.523437-42.261719 0-76.523438-34.261719-76.523438-76.523437 0-42.265626 34.261719-76.523438 76.523438-76.523438zm0 0\"><\/path><path d=\"m500.199219 179.394531c-2.214844-6.691406-9.433594-10.320312-16.128907-8.105469-6.539062 2.164063-10.179687 9.125-8.230468 15.730469 38.140625 121.457031-29.398438 250.835938-150.855469 288.976563-121.453125 38.140625-250.832031-29.398438-288.972656-150.855469-38.144531-121.457031 29.398437-250.835937 150.851562-288.976563 44.960938-14.117187 93.164063-14.117187 138.121094 0 6.75 2.035157 13.871094-1.785156 15.90625-8.535156 2.003906-6.648437-1.671875-13.675781-8.277344-15.824218-134.863281-42.3125-278.496093 32.714843-320.808593 167.582031-42.3125 134.863281 32.71875 278.496093 167.582031 320.808593 134.867187 42.3125 278.496093-32.714843 320.808593-167.582031 15.648438-49.875 15.648438-103.34375.003907-153.21875zm0 0\"><\/path><path d=\"m281.144531 91.117188c.066407-7.261719-5.511719-13.332032-12.753906-13.875-3.808594-.324219-7.621094-.648438-11.53125-.648438-98.613281 0-178.554687 79.941406-178.554687 178.554688 0 98.609374 79.941406 178.550781 178.554687 178.550781 98.609375 0 178.550781-79.941407 178.550781-178.550781 0-4.613282-.28125-9.222657-.847656-13.800782-1.019531-7-7.519531-11.847656-14.519531-10.828125-7 1.015625-11.847657 7.519531-10.832031 14.519531.039062.265626.085937.527344.140624.792969.277344 3.089844.550782 6.152344.550782 9.308594.003906 84.527344-68.515625 153.046875-153.039063 153.054687-84.527343.003907-153.046875-68.519531-153.050781-153.042968-.003906-84.523438 68.511719-153.046875 153.039062-153.050782h.003907c3.164062 0 6.230469.273438 9.3125.546876l2.390625.199218c6.664062.285156 12.296875-4.886718 12.578125-11.550781.003906-.0625.003906-.121094.007812-.179687zm0 0\"><\/path><path d=\"m333.378906 114.855469v45.734375l-85.539062 85.539062c-5.066406 4.894532-5.207032 12.96875-.3125 18.035156 4.894531 5.066407 12.96875 5.207032 18.035156.3125.105469-.101562.210938-.207031.3125-.3125l85.539062-85.539062h45.734376c3.382812 0 6.625-1.34375 9.019531-3.738281l76.519531-76.523438c4.980469-4.980469 4.980469-13.054687 0-18.035156-2.390625-2.390625-5.632812-3.734375-9.015625-3.734375h-38.261719v-38.261719c0-7.042969-5.710937-12.753906-12.757812-12.75-3.378906 0-6.621094 1.34375-9.011719 3.734375l-76.523437 76.523438c-2.394532 2.390625-3.738282 5.632812-3.738282 9.015625zm25.507813 5.28125 51.015625-51.015625v20.226562c0 7.042969 5.710937 12.753906 12.753906 12.753906h20.226562l-51.015624 51.015626h-32.980469zm0 0\"><\/path><\/svg><\/div>\n  <div class=\"iconBoxHoverEffectTitle\">ENFOQUE EMPRESARIAL<\/div>\n  <div class=\"iconBoxHoverEffectText\">\n    Nuestro enfoque empresarial se centra en la innovaci\u00f3n, la eficiencia y la satisfacci\u00f3n del cliente. A trav\u00e9s de la adaptabilidad y la calidad constante, buscamos liderar ofreciendo soluciones vanguardistas.\n  <\/div>\n<\/a>\n\t\t\t<!-- end Icon Box Hover Effect -->\t\t\t\t<\/div>\n\t\t\t\t<\/div>\n\t\t\t\t\t<\/div>\n\t\t\t\t<\/div>\n\t\t<div class=\"elementor-element elementor-element-5512fdf e-flex e-con-boxed e-con e-child\" data-id=\"5512fdf\" data-element_type=\"container\" data-e-type=\"container\">\n\t\t\t\t\t<div class=\"e-con-inner\">\n\t\t\t\t<div class=\"elementor-element elementor-element-4ca15e2 elementor-widget elementor-widget-ucaddon_icon_box_hover_effect\" data-id=\"4ca15e2\" data-element_type=\"widget\" data-e-type=\"widget\" data-widget_type=\"ucaddon_icon_box_hover_effect.default\">\n\t\t\t\t<div class=\"elementor-widget-container\">\n\t\t\t\t\t<!-- start Icon Box Hover Effect -->\n\n\t\t\t<style type=\"text\/css\">\/* widget: Icon Box Hover Effect *\/\n\n#uc_icon_box_hover_effect_elementor_4ca15e2\n{\n  display:block;\n  padding:50px 40px;\n  text-align:center;\n  text-decoration:none;\n  color:black;\n  transition:1s ease-in-out;\n}\n\n#uc_icon_box_hover_effect_elementor_4ca15e2 .ue-box-icon\n{\n  line-height:1em;\n  padding-bottom:20px;\n  display:block;\n  width:100%;\n  transition:1s ease-in-out;\n  transform:translateY(40px);\n}\n\n#uc_icon_box_hover_effect_elementor_4ca15e2 .ue-box-icon svg\n{\n  height:1em;\n  width:1em;\n}\n\n#uc_icon_box_hover_effect_elementor_4ca15e2 .iconBoxHoverEffectTitle\n{\n  white-space: nowrap;\n  transition:1s ease-in-out;\n  width:100%;\n  padding-bottom:14px;\n  transform:translateY(40px);\n}\n\n.iconBoxHoverEffectTitle\n{\n  font-size:32px; \n}\n\n#uc_icon_box_hover_effect_elementor_4ca15e2 .iconBoxHoverEffectText\n{\n  text-align:left;\n  opacity:0;\n  transition:1s ease-in-out;\n  transform:translateY(30px);\n}\n\n\n#uc_icon_box_hover_effect_elementor_4ca15e2:hover .iconBoxHoverEffectTitle\n{\n  width:0%;\n  transform:translateY(0px);\n}\n\n#uc_icon_box_hover_effect_elementor_4ca15e2:hover .ue-box-icon\n{\n  width:0%;\n  transform:translateY(0px);\n}\n\n#uc_icon_box_hover_effect_elementor_4ca15e2:hover .iconBoxHoverEffectText\n{\n  opacity:1;\n  transform:translateY(0px);\n}\n\n<\/style>\n\n\t\t\t<a href=\"https:\/\/kairoc.eu\/es\/estrategia-inmobiliaria\/filosofia-de-inversion\/\"  id=\"uc_icon_box_hover_effect_elementor_4ca15e2\" class=\"icon_box_hover_effect\">\n  <div class=\"ue-box-icon\"><svg xmlns=\"http:\/\/www.w3.org\/2000\/svg\" id=\"Layer_1\" viewBox=\"0 0 512 512\"><path d=\"m335.25 56.24c-31.33 0-58.9 16.42-74.55 41.11-43.25-2.15-87.59 9.57-122.39 32.5-39.94 26.31-64.14 65.22-68.15 109.56-.53 5.86-.51 10.99-.48 15.96.08 17.6.15 32.8-29.3 70.62-.18.23-.34.46-.49.71-7.89 12.76-9.63 22.86-5.31 30.86 4.28 7.94 13.14 10.93 21.68 12.13-.68 3.1-.43 5.76-.02 7.62.94 4.29 3.38 8 6.48 10.95-3.23 4.39-3.63 8.83-3.56 11.19.2 6.71 4.14 12.95 10.51 17.22-6.44 18.1-5.8 31.56 1.9 41 11.09 13.59 34.15 16.16 76.47 8.31l6.82 28.09c2.56 10.56 11.93 17.93 22.79 17.93h160.92c7.95 0 15.06-3.79 19.52-10.42 4.42-6.62 5.2-14.64 2.15-22-28.91-69.96-9.66-96.79 14.72-130.76 17.82-24.83 38.03-52.98 39.34-101.56.01-.24 0-.48-.01-.73-1.12-17.51-4.37-33.99-9.67-49.07 10.47-12.74 18.85-27.3 18.85-53-.01-48.64-39.58-88.22-88.22-88.22zm0 15.99c39.83 0 72.23 32.4 72.23 72.23 0 22.62-7.63 34.17-18.04 46.2-.01.01-.01.01-.02.02-1.6 1.85-3.27 3.71-4.99 5.63-2.13 2.38-4.34 4.85-6.57 7.46-5.59 6.56-9.47 13.6-11.73 21.26h-61.77c-2.26-7.66-6.15-14.7-11.74-21.27-2.22-2.6-4.43-5.06-6.56-7.45-12.87-14.37-23.04-25.73-23.04-51.85 0-39.83 32.4-72.23 72.23-72.23zm28.51 169.77v10.15h-57.03v-10.15c0-.33-.01-.66-.02-.99h57.07c0 .33-.02.65-.02.99zm-3.29 26.13c-4.02 6.67-11.33 11.14-19.67 11.14h-11.11c-8.33 0-15.64-4.47-19.67-11.14zm1.5 71.37c-12.7 17.69-24.69 34.4-29.73 57.12-5.62 25.34-1.42 53.64 13.22 89.07 1.02 2.46.79 4.82-.66 6.99-1.49 2.21-3.59 3.33-6.24 3.33h-160.92c-3.51 0-6.43-2.29-7.25-5.71l-8.62-35.52c-1.01-4.18-5.14-6.81-9.36-5.95-38.37 7.8-61.41 7.37-68.46-1.27-5.6-6.87-1.37-21 3.16-31.64.87-2.04.85-4.36-.05-6.39-.91-2.03-2.61-3.59-4.72-4.31-4.9-1.67-7.17-4.66-7.22-6.25-.04-1.27 1.84-2.86 4.79-4.07 3.15-1.29 5.14-4.43 4.96-7.83s-2.5-6.31-5.77-7.25c-3.21-.92-6.81-3.86-7.26-5.93-.4-1.83 2.48-4.47 3.37-5.24 2.5-2.15 3.42-5.62 2.32-8.73s-4-5.22-7.3-5.32l-.81-.02c-5.08-.14-18.59-.53-20.79-4.61-.97-1.79-.25-6.54 4.62-14.51 32.57-41.93 32.49-60.5 32.4-80.16-.02-4.59-.04-9.34.42-14.45 7.43-82.05 90.05-128.55 166.73-127.75-3.72 9.75-5.76 20.31-5.76 31.35 0 32.23 13.17 46.94 27.12 62.51 2.07 2.31 4.22 4.71 6.31 7.16 6.92 8.11 10.28 17.23 10.28 27.87v14.29c0 21.49 17.47 38.98 38.95 38.98h11.11c21.48 0 38.95-17.48 38.95-38.98v-14.28c0-10.64 3.36-19.75 10.27-27.86.75-.88 1.51-1.74 2.27-2.61 3.16 11.16 5.19 23.09 6.02 35.66-1.28 43.45-19.11 68.28-36.35 92.31zm-132.37-195.04c0 4.42-3.58 7.99-7.99 7.99h-22.82c-4.42 0-7.99-3.58-7.99-7.99s3.58-7.99 7.99-7.99h22.82c4.41-.01 7.99 3.57 7.99 7.99zm207.79-102.15c3.12 3.12 3.12 8.18 0 11.3l-16.16 16.16c-1.56 1.56-3.61 2.34-5.65 2.34s-4.09-.78-5.65-2.34c-3.12-3.12-3.12-8.18 0-11.3l16.16-16.16c3.12-3.12 8.18-3.12 11.3 0zm-110.14-11.49v-22.82c0-4.42 3.58-7.99 7.99-7.99s7.99 3.58 7.99 7.99v22.82c0 4.42-3.58 7.99-7.99 7.99s-7.99-3.58-7.99-7.99zm-94.14 22.8c-3.12-3.12-3.12-8.18 0-11.3s8.18-3.12 11.3 0l16.16 16.16c3.12 3.12 3.12 8.18 0 11.3-1.56 1.56-3.61 2.34-5.65 2.34s-4.09-.78-5.65-2.34zm246.59 90.84c0 4.42-3.58 7.99-7.99 7.99h-22.82c-4.42 0-7.99-3.58-7.99-7.99s3.58-7.99 7.99-7.99h22.82c4.41-.01 7.99 3.57 7.99 7.99zm-187.32 7.46 29.52 29.52c3.55 3.58 8.3 5.55 13.35 5.55s9.8-1.97 13.33-5.53l29.53-29.53c5.53-5.51 8.58-12.88 8.58-20.73s-3.05-15.21-8.56-20.71c-5.51-5.53-12.88-8.58-20.73-8.58s-15.21 3.05-20.69 8.55l-1.46 1.45-1.42-1.41c-5.51-5.53-12.88-8.58-20.73-8.58-7.84 0-15.2 3.04-20.71 8.56-5.53 5.51-8.58 12.87-8.58 20.72 0 7.86 3.04 15.22 8.57 20.72zm11.29-30.12c.01-.01.01-.01.02-.02 2.49-2.5 5.83-3.88 9.4-3.88s6.91 1.38 9.44 3.91l3.34 3.31c2.49 2.52 5.82 3.91 9.38 3.91s6.89-1.39 9.31-3.85l3.44-3.41c2.49-2.5 5.83-3.88 9.4-3.88s6.91 1.38 9.42 3.9c2.5 2.49 3.88 5.83 3.88 9.4s-1.38 6.91-3.89 9.41l-29.56 29.56c-.72.72-1.57.83-2.01.83s-1.29-.11-2.03-.85l-29.55-29.55c-2.5-2.49-3.88-5.83-3.88-9.4s1.39-6.9 3.89-9.39z\"><\/path><\/svg><\/div>\n  <div class=\"iconBoxHoverEffectTitle\">FILOSOF\u00cdA DE INVERSI\u00d3N<\/div>\n  <div class=\"iconBoxHoverEffectText\">\n    Guiados por la \u00e9tica y la transparencia, nuestra filosof\u00eda empresarial se fundamenta en el compromiso con la excelencia, la responsabilidad social y el crecimiento sostenible. Buscamos no solo cumplir, sino superar las expectativas, construyendo relaciones duraderas basadas en la confianza y la integridad.\n  <\/div>\n<\/a>\n\t\t\t<!-- end Icon Box Hover Effect -->\t\t\t\t<\/div>\n\t\t\t\t<\/div>\n\t\t\t\t\t<\/div>\n\t\t\t\t<\/div>\n\t\t\t\t\t<\/div>\n\t\t\t\t<\/div>\n\t\t\t\t\t<\/div>\n\t\t\t\t<\/div>\n\t\t\t\t<\/div>\n\t\t","protected":false},"excerpt":{"rendered":"<p>ENFOQUE EMPRESARIAL Nuestro enfoque empresarial se centra en la innovaci\u00f3n, la eficiencia y la satisfacci\u00f3n del cliente. A trav\u00e9s de la adaptabilidad y la calidad constante, buscamos liderar ofreciendo soluciones vanguardistas. FILOSOF\u00cdA DE INVERSI\u00d3N Guiados por la \u00e9tica y la transparencia, nuestra filosof\u00eda empresarial se fundamenta en el compromiso con la excelencia, la responsabilidad social [&hellip;]<\/p>\n","protected":false},"author":1,"featured_media":0,"parent":0,"menu_order":0,"comment_status":"closed","ping_status":"closed","template":"elementor_canvas","meta":{"footnotes":""},"class_list":["post-845","page","type-page","status-publish","hentry"],"_links":{"self":[{"href":"https:\/\/kairoc.eu\/es\/wp-json\/wp\/v2\/pages\/845","targetHints":{"allow":["GET"]}}],"collection":[{"href":"https:\/\/kairoc.eu\/es\/wp-json\/wp\/v2\/pages"}],"about":[{"href":"https:\/\/kairoc.eu\/es\/wp-json\/wp\/v2\/types\/page"}],"author":[{"embeddable":true,"href":"https:\/\/kairoc.eu\/es\/wp-json\/wp\/v2\/users\/1"}],"replies":[{"embeddable":true,"href":"https:\/\/kairoc.eu\/es\/wp-json\/wp\/v2\/comments?post=845"}],"version-history":[{"count":13,"href":"https:\/\/kairoc.eu\/es\/wp-json\/wp\/v2\/pages\/845\/revisions"}],"predecessor-version":[{"id":934,"href":"https:\/\/kairoc.eu\/es\/wp-json\/wp\/v2\/pages\/845\/revisions\/934"}],"wp:attachment":[{"href":"https:\/\/kairoc.eu\/es\/wp-json\/wp\/v2\/media?parent=845"}],"curies":[{"name":"wp","href":"https:\/\/api.w.org\/{rel}","templated":true}]}}