{"id":844,"date":"2023-12-26T16:06:06","date_gmt":"2023-12-26T16:06:06","guid":{"rendered":"https:\/\/kairoc.eu\/market-facts\/"},"modified":"2023-12-28T19:47:25","modified_gmt":"2023-12-28T19:47:25","slug":"datos-del-mercado","status":"publish","type":"page","link":"https:\/\/kairoc.eu\/es\/datos-del-mercado\/","title":{"rendered":"DATOS DEL MERCADO"},"content":{"rendered":"\t\t<div data-elementor-type=\"wp-page\" data-elementor-id=\"844\" class=\"elementor elementor-844\" data-elementor-post-type=\"page\">\n\t\t\t\t<div class=\"elementor-element elementor-element-3ab39c7 e-flex e-con-boxed e-con e-parent\" data-id=\"3ab39c7\" data-element_type=\"container\" data-e-type=\"container\" data-settings=\"{&quot;background_background&quot;:&quot;classic&quot;}\">\n\t\t\t\t\t<div class=\"e-con-inner\">\n\t\t\t\t<div class=\"elementor-element elementor-element-f1b220a elementor-widget elementor-widget-heading\" data-id=\"f1b220a\" data-element_type=\"widget\" data-e-type=\"widget\" data-widget_type=\"heading.default\">\n\t\t\t\t<div class=\"elementor-widget-container\">\n\t\t\t\t\t<h2 class=\"elementor-heading-title elementor-size-default\">DATOS DEL MERCADO<\/h2>\t\t\t\t<\/div>\n\t\t\t\t<\/div>\n\t\t\t\t\t<\/div>\n\t\t\t\t<\/div>\n\t\t<div class=\"elementor-element elementor-element-ba0c461 e-flex e-con-boxed e-con e-parent\" data-id=\"ba0c461\" data-element_type=\"container\" data-e-type=\"container\">\n\t\t\t\t\t<div class=\"e-con-inner\">\n\t\t<div class=\"elementor-element elementor-element-024b7c5 e-con-full e-flex e-con e-child\" data-id=\"024b7c5\" data-element_type=\"container\" data-e-type=\"container\">\n\t\t\t\t<div class=\"elementor-element elementor-element-5e34fac elementor-widget elementor-widget-image\" data-id=\"5e34fac\" data-element_type=\"widget\" data-e-type=\"widget\" data-widget_type=\"image.default\">\n\t\t\t\t<div class=\"elementor-widget-container\">\n\t\t\t\t\t\t\t\t\t\t\t\t\t\t\t\t<a href=\"https:\/\/kairoc.eu\/wp-content\/uploads\/2023\/12\/market-facts-1-1-e1703618743771.png\" data-elementor-open-lightbox=\"yes\" data-e-action-hash=\"#elementor-action%3Aaction%3Dlightbox%26settings%3DeyJpZCI6MzQ0LCJ1cmwiOiJodHRwczpcL1wva2Fpcm9jLmV1XC93cC1jb250ZW50XC91cGxvYWRzXC8yMDIzXC8xMlwvbWFya2V0LWZhY3RzLTEtMS1lMTcwMzYxODc0Mzc3MS5wbmcifQ%3D%3D\">\n\t\t\t\t\t\t\t<img fetchpriority=\"high\" decoding=\"async\" width=\"796\" height=\"562\" src=\"https:\/\/kairoc.eu\/wp-content\/uploads\/2023\/12\/market-facts-1-1-e1703618743771.png\" class=\"elementor-animation-grow attachment-large size-large wp-image-344\" alt=\"\" srcset=\"https:\/\/kairoc.eu\/wp-content\/uploads\/2023\/12\/market-facts-1-1-e1703618743771.png 796w, https:\/\/kairoc.eu\/wp-content\/uploads\/2023\/12\/market-facts-1-1-e1703618743771-300x212.png 300w, https:\/\/kairoc.eu\/wp-content\/uploads\/2023\/12\/market-facts-1-1-e1703618743771-768x542.png 768w\" sizes=\"(max-width: 796px) 100vw, 796px\" \/>\t\t\t\t\t\t\t\t<\/a>\n\t\t\t\t\t\t\t\t\t\t\t\t\t\t\t<\/div>\n\t\t\t\t<\/div>\n\t\t\t\t<\/div>\n\t\t<div class=\"elementor-element elementor-element-8413e0d e-con-full e-flex e-con e-child\" data-id=\"8413e0d\" data-element_type=\"container\" data-e-type=\"container\">\n\t\t\t\t<div class=\"elementor-element elementor-element-c3e9427 elementor-widget elementor-widget-heading\" data-id=\"c3e9427\" data-element_type=\"widget\" data-e-type=\"widget\" data-widget_type=\"heading.default\">\n\t\t\t\t<div class=\"elementor-widget-container\">\n\t\t\t\t\t<h2 class=\"elementor-heading-title elementor-size-default\">IMPACTO DEL RENDIMIENTO EN LOS VALORES DE CAPITAL DESDE EL 1T 2022<\/h2>\t\t\t\t<\/div>\n\t\t\t\t<\/div>\n\t\t\t\t<div class=\"elementor-element elementor-element-7a51c09 elementor-widget-divider--view-line elementor-widget elementor-widget-divider\" data-id=\"7a51c09\" data-element_type=\"widget\" data-e-type=\"widget\" data-widget_type=\"divider.default\">\n\t\t\t\t<div class=\"elementor-widget-container\">\n\t\t\t\t\t\t\t<div class=\"elementor-divider\">\n\t\t\t<span class=\"elementor-divider-separator\">\n\t\t\t\t\t\t<\/span>\n\t\t<\/div>\n\t\t\t\t\t\t<\/div>\n\t\t\t\t<\/div>\n\t\t\t\t<div class=\"elementor-element elementor-element-4f6ea87 elementor-widget elementor-widget-text-editor\" data-id=\"4f6ea87\" data-element_type=\"widget\" data-e-type=\"widget\" data-widget_type=\"text-editor.default\">\n\t\t\t\t<div class=\"elementor-widget-container\">\n\t\t\t\t\t\t\t\t\t<p><strong>Lorem Ipsum<\/strong> is simply dummy text of the printing and typesetting industry. Lorem Ipsum has been the industry&#8217;s standard dummy text ever since the 1500s, when an unknown printer took a galley of type and scrambled it to make a type specimen book.<\/p><p>It has survived not only five centuries, but also the leap into electronic typesetting, remaining essentially unchanged.\u00a0<\/p>\t\t\t\t\t\t\t\t<\/div>\n\t\t\t\t<\/div>\n\t\t\t\t<\/div>\n\t\t\t\t\t<\/div>\n\t\t\t\t<\/div>\n\t\t<div class=\"elementor-element elementor-element-921de51 e-flex e-con-boxed e-con e-parent\" data-id=\"921de51\" data-element_type=\"container\" data-e-type=\"container\">\n\t\t\t\t\t<div class=\"e-con-inner\">\n\t\t<div class=\"elementor-element elementor-element-c1f96f0 e-con-full e-flex e-con e-child\" data-id=\"c1f96f0\" data-element_type=\"container\" data-e-type=\"container\">\n\t\t\t\t<div class=\"elementor-element elementor-element-28f7321 elementor-widget elementor-widget-heading\" data-id=\"28f7321\" data-element_type=\"widget\" data-e-type=\"widget\" data-widget_type=\"heading.default\">\n\t\t\t\t<div class=\"elementor-widget-container\">\n\t\t\t\t\t<h2 class=\"elementor-heading-title elementor-size-default\">MERCADOS INMOBILIARIOS S\u00d3LIDOS<\/h2>\t\t\t\t<\/div>\n\t\t\t\t<\/div>\n\t\t\t\t<div class=\"elementor-element elementor-element-25f86f0 elementor-widget-divider--view-line elementor-widget elementor-widget-divider\" data-id=\"25f86f0\" data-element_type=\"widget\" data-e-type=\"widget\" data-widget_type=\"divider.default\">\n\t\t\t\t<div class=\"elementor-widget-container\">\n\t\t\t\t\t\t\t<div class=\"elementor-divider\">\n\t\t\t<span class=\"elementor-divider-separator\">\n\t\t\t\t\t\t<\/span>\n\t\t<\/div>\n\t\t\t\t\t\t<\/div>\n\t\t\t\t<\/div>\n\t\t\t\t<div class=\"elementor-element elementor-element-d3c2987 elementor-widget elementor-widget-text-editor\" data-id=\"d3c2987\" data-element_type=\"widget\" data-e-type=\"widget\" data-widget_type=\"text-editor.default\">\n\t\t\t\t<div class=\"elementor-widget-container\">\n\t\t\t\t\t\t\t\t\t<p>Los mercados de las cuatro ciudades urbanas son relativamente grandes y, sobre todo, \u00abs\u00f3lidos\u00bb, con una din\u00e1mica constante, como demuestran estos gr\u00e1ficos. De hecho, en Par\u00eds, la tasa de desocupaci\u00f3n actual es hist\u00f3ricamente baja y se debe fundamentalmente al saldo residual, ya sea por productos obsoletos o por la rotaci\u00f3n natural de las empresas (crecimiento, movimiento&#8230;).<\/p>\t\t\t\t\t\t\t\t<\/div>\n\t\t\t\t<\/div>\n\t\t\t\t<\/div>\n\t\t<div class=\"elementor-element elementor-element-a6f1727 e-con-full e-flex e-con e-child\" data-id=\"a6f1727\" data-element_type=\"container\" data-e-type=\"container\">\n\t\t\t\t<div class=\"elementor-element elementor-element-e6a29da elementor-widget elementor-widget-image\" data-id=\"e6a29da\" data-element_type=\"widget\" data-e-type=\"widget\" data-widget_type=\"image.default\">\n\t\t\t\t<div class=\"elementor-widget-container\">\n\t\t\t\t\t\t\t\t\t\t\t\t\t\t\t\t<a href=\"https:\/\/kairoc.eu\/wp-content\/uploads\/2023\/12\/market-facts-2-e1703618132177.png\" data-elementor-open-lightbox=\"yes\" data-e-action-hash=\"#elementor-action%3Aaction%3Dlightbox%26settings%3DeyJpZCI6MzE3LCJ1cmwiOiJodHRwczpcL1wva2Fpcm9jLmV1XC93cC1jb250ZW50XC91cGxvYWRzXC8yMDIzXC8xMlwvbWFya2V0LWZhY3RzLTItZTE3MDM2MTgxMzIxNzcucG5nIn0%3D\">\n\t\t\t\t\t\t\t<img decoding=\"async\" width=\"800\" height=\"493\" src=\"https:\/\/kairoc.eu\/wp-content\/uploads\/2023\/12\/market-facts-2-e1703618132177-1024x631.png\" class=\"elementor-animation-grow attachment-large size-large wp-image-317\" alt=\"\" srcset=\"https:\/\/kairoc.eu\/wp-content\/uploads\/2023\/12\/market-facts-2-e1703618132177-1024x631.png 1024w, https:\/\/kairoc.eu\/wp-content\/uploads\/2023\/12\/market-facts-2-e1703618132177-300x185.png 300w, https:\/\/kairoc.eu\/wp-content\/uploads\/2023\/12\/market-facts-2-e1703618132177-768x473.png 768w, https:\/\/kairoc.eu\/wp-content\/uploads\/2023\/12\/market-facts-2-e1703618132177.png 1070w\" sizes=\"(max-width: 800px) 100vw, 800px\" \/>\t\t\t\t\t\t\t\t<\/a>\n\t\t\t\t\t\t\t\t\t\t\t\t\t\t\t<\/div>\n\t\t\t\t<\/div>\n\t\t\t\t<\/div>\n\t\t\t\t\t<\/div>\n\t\t\t\t<\/div>\n\t\t<div class=\"elementor-element elementor-element-453074c e-flex e-con-boxed e-con e-parent\" data-id=\"453074c\" data-element_type=\"container\" data-e-type=\"container\">\n\t\t\t\t\t<div class=\"e-con-inner\">\n\t\t<div class=\"elementor-element elementor-element-47d2184 e-con-full e-flex e-con e-child\" data-id=\"47d2184\" data-element_type=\"container\" data-e-type=\"container\">\n\t\t\t\t<div class=\"elementor-element elementor-element-13cdde2 elementor-widget elementor-widget-image\" data-id=\"13cdde2\" data-element_type=\"widget\" data-e-type=\"widget\" data-widget_type=\"image.default\">\n\t\t\t\t<div class=\"elementor-widget-container\">\n\t\t\t\t\t\t\t\t\t\t\t\t\t\t\t\t<a href=\"https:\/\/kairoc.eu\/wp-content\/uploads\/2023\/12\/market-facts-3-1-e1703618412193.png\" data-elementor-open-lightbox=\"yes\" data-e-action-hash=\"#elementor-action%3Aaction%3Dlightbox%26settings%3DeyJpZCI6MzM0LCJ1cmwiOiJodHRwczpcL1wva2Fpcm9jLmV1XC93cC1jb250ZW50XC91cGxvYWRzXC8yMDIzXC8xMlwvbWFya2V0LWZhY3RzLTMtMS1lMTcwMzYxODQxMjE5My5wbmcifQ%3D%3D\">\n\t\t\t\t\t\t\t<img decoding=\"async\" width=\"800\" height=\"354\" src=\"https:\/\/kairoc.eu\/wp-content\/uploads\/2023\/12\/market-facts-3-1-e1703618412193.png\" class=\"elementor-animation-grow attachment-large size-large wp-image-334\" alt=\"\" srcset=\"https:\/\/kairoc.eu\/wp-content\/uploads\/2023\/12\/market-facts-3-1-e1703618412193.png 859w, https:\/\/kairoc.eu\/wp-content\/uploads\/2023\/12\/market-facts-3-1-e1703618412193-300x133.png 300w, https:\/\/kairoc.eu\/wp-content\/uploads\/2023\/12\/market-facts-3-1-e1703618412193-768x340.png 768w\" sizes=\"(max-width: 800px) 100vw, 800px\" \/>\t\t\t\t\t\t\t\t<\/a>\n\t\t\t\t\t\t\t\t\t\t\t\t\t\t\t<\/div>\n\t\t\t\t<\/div>\n\t\t\t\t<\/div>\n\t\t<div class=\"elementor-element elementor-element-4020202 e-con-full e-flex e-con e-child\" data-id=\"4020202\" data-element_type=\"container\" data-e-type=\"container\">\n\t\t\t\t<div class=\"elementor-element elementor-element-fbf8d75 elementor-widget elementor-widget-heading\" data-id=\"fbf8d75\" data-element_type=\"widget\" data-e-type=\"widget\" data-widget_type=\"heading.default\">\n\t\t\t\t<div class=\"elementor-widget-container\">\n\t\t\t\t\t<h2 class=\"elementor-heading-title elementor-size-default\">PARA UNA DEMANDA CONSTANTEMENTE SEGURA<\/h2>\t\t\t\t<\/div>\n\t\t\t\t<\/div>\n\t\t\t\t<div class=\"elementor-element elementor-element-be0c160 elementor-widget-divider--view-line elementor-widget elementor-widget-divider\" data-id=\"be0c160\" data-element_type=\"widget\" data-e-type=\"widget\" data-widget_type=\"divider.default\">\n\t\t\t\t<div class=\"elementor-widget-container\">\n\t\t\t\t\t\t\t<div class=\"elementor-divider\">\n\t\t\t<span class=\"elementor-divider-separator\">\n\t\t\t\t\t\t<\/span>\n\t\t<\/div>\n\t\t\t\t\t\t<\/div>\n\t\t\t\t<\/div>\n\t\t\t\t<div class=\"elementor-element elementor-element-229ebec elementor-widget elementor-widget-text-editor\" data-id=\"229ebec\" data-element_type=\"widget\" data-e-type=\"widget\" data-widget_type=\"text-editor.default\">\n\t\t\t\t<div class=\"elementor-widget-container\">\n\t\t\t\t\t\t\t\t\t<p>Durante los \u00faltimos 10 a\u00f1os, los alquileres en estas grandes ciudades han aumentado constantemente, lo que demuestra el continuo atractivo de estos mercados para los usuarios. Adem\u00e1s, la recentralizaci\u00f3n de las b\u00fasquedas en el CBD es cada vez m\u00e1s evidente y se ha visto acelerada por la COVID.<\/p><p>De hecho, en sus b\u00fasquedas, los usuarios se centran en ubicaciones centrales y accesibles que ofrecen un alto nivel de servicios locales, para atraer y retener empleados.<\/p>\t\t\t\t\t\t\t\t<\/div>\n\t\t\t\t<\/div>\n\t\t\t\t<\/div>\n\t\t\t\t\t<\/div>\n\t\t\t\t<\/div>\n\t\t<div class=\"elementor-element elementor-element-5ad94d8 e-flex e-con-boxed e-con e-parent\" data-id=\"5ad94d8\" data-element_type=\"container\" data-e-type=\"container\">\n\t\t\t\t\t<div class=\"e-con-inner\">\n\t\t<div class=\"elementor-element elementor-element-339495d e-con-full e-flex e-con e-child\" data-id=\"339495d\" data-element_type=\"container\" data-e-type=\"container\">\n\t\t\t\t<div class=\"elementor-element elementor-element-61f10a1 elementor-widget elementor-widget-heading\" data-id=\"61f10a1\" data-element_type=\"widget\" data-e-type=\"widget\" data-widget_type=\"heading.default\">\n\t\t\t\t<div class=\"elementor-widget-container\">\n\t\t\t\t\t<h2 class=\"elementor-heading-title elementor-size-default\">UN MERCADO DE INVERSI\u00d3N EN RETROCESO<\/h2>\t\t\t\t<\/div>\n\t\t\t\t<\/div>\n\t\t\t\t<div class=\"elementor-element elementor-element-863ccfa elementor-widget-divider--view-line elementor-widget elementor-widget-divider\" data-id=\"863ccfa\" data-element_type=\"widget\" data-e-type=\"widget\" data-widget_type=\"divider.default\">\n\t\t\t\t<div class=\"elementor-widget-container\">\n\t\t\t\t\t\t\t<div class=\"elementor-divider\">\n\t\t\t<span class=\"elementor-divider-separator\">\n\t\t\t\t\t\t<\/span>\n\t\t<\/div>\n\t\t\t\t\t\t<\/div>\n\t\t\t\t<\/div>\n\t\t\t\t<div class=\"elementor-element elementor-element-22deaf8 elementor-widget elementor-widget-text-editor\" data-id=\"22deaf8\" data-element_type=\"widget\" data-e-type=\"widget\" data-widget_type=\"text-editor.default\">\n\t\t\t\t<div class=\"elementor-widget-container\">\n\t\t\t\t\t\t\t\t\t<p>Desde 2014, la tasa de rendimiento de los activos \u00abprime\u00bb en el mercado inmobiliario se ha mantenido estable, mientras que el volumen de inversi\u00f3n ha oscilado. Esta estabilidad indica una compensaci\u00f3n consistente por los riesgos asociados con las inversiones inmobiliarias. Los inversores se sienten atra\u00eddos por esta tasa de rendimiento estable gracias a una demanda constante de bienes ra\u00edces en estas importantes ciudades urbanas.<\/p><p>Esta ca\u00edda del volumen de inversi\u00f3n se debe principalmente al importante aumento de los tipos de inter\u00e9s y de las condiciones de los pr\u00e9stamos bancarios en t\u00e9rminos de LTV, que fren\u00f3 a todas las empresas inmobiliarias, y al importante aumento de la rentabilidad en los mercados de bonos, que llev\u00f3 a las aseguradoras a preferir reequilibrar sus asignaciones de activos reinvirtiendo masivamente en el mercado de bonos menos vol\u00e1til y m\u00e1s l\u00edquido para obtener el mismo rendimiento, pero sin tener en cuenta el efecto c\u00edclico.<\/p>\t\t\t\t\t\t\t\t<\/div>\n\t\t\t\t<\/div>\n\t\t\t\t<\/div>\n\t\t<div class=\"elementor-element elementor-element-4f8d91d e-con-full e-flex e-con e-child\" data-id=\"4f8d91d\" data-element_type=\"container\" data-e-type=\"container\">\n\t\t\t\t<div class=\"elementor-element elementor-element-ec13b90 elementor-widget elementor-widget-image\" data-id=\"ec13b90\" data-element_type=\"widget\" data-e-type=\"widget\" data-widget_type=\"image.default\">\n\t\t\t\t<div class=\"elementor-widget-container\">\n\t\t\t\t\t\t\t\t\t\t\t\t\t\t\t\t<a href=\"https:\/\/kairoc.eu\/wp-content\/uploads\/2023\/12\/market-facts-4-e1703618527186.png\" data-elementor-open-lightbox=\"yes\" data-e-action-hash=\"#elementor-action%3Aaction%3Dlightbox%26settings%3DeyJpZCI6MzQ4LCJ1cmwiOiJodHRwczpcL1wva2Fpcm9jLmV1XC93cC1jb250ZW50XC91cGxvYWRzXC8yMDIzXC8xMlwvbWFya2V0LWZhY3RzLTQtZTE3MDM2MTg1MjcxODYucG5nIn0%3D\">\n\t\t\t\t\t\t\t<img loading=\"lazy\" decoding=\"async\" width=\"800\" height=\"477\" src=\"https:\/\/kairoc.eu\/wp-content\/uploads\/2023\/12\/market-facts-4-e1703618527186.png\" class=\"elementor-animation-grow attachment-large size-large wp-image-348\" alt=\"\" srcset=\"https:\/\/kairoc.eu\/wp-content\/uploads\/2023\/12\/market-facts-4-e1703618527186.png 845w, https:\/\/kairoc.eu\/wp-content\/uploads\/2023\/12\/market-facts-4-e1703618527186-300x179.png 300w, https:\/\/kairoc.eu\/wp-content\/uploads\/2023\/12\/market-facts-4-e1703618527186-768x458.png 768w\" sizes=\"(max-width: 800px) 100vw, 800px\" \/>\t\t\t\t\t\t\t\t<\/a>\n\t\t\t\t\t\t\t\t\t\t\t\t\t\t\t<\/div>\n\t\t\t\t<\/div>\n\t\t\t\t<\/div>\n\t\t\t\t\t<\/div>\n\t\t\t\t<\/div>\n\t\t<div class=\"elementor-element elementor-element-114bea5 e-flex e-con-boxed e-con e-parent\" data-id=\"114bea5\" data-element_type=\"container\" data-e-type=\"container\">\n\t\t\t\t\t<div class=\"e-con-inner\">\n\t\t<div class=\"elementor-element elementor-element-da0e530 e-con-full e-flex e-con e-child\" data-id=\"da0e530\" data-element_type=\"container\" data-e-type=\"container\">\n\t\t\t\t<div class=\"elementor-element elementor-element-722c0f7 elementor-widget elementor-widget-image\" data-id=\"722c0f7\" data-element_type=\"widget\" data-e-type=\"widget\" data-widget_type=\"image.default\">\n\t\t\t\t<div class=\"elementor-widget-container\">\n\t\t\t\t\t\t\t\t\t\t\t\t\t\t\t\t<a href=\"https:\/\/kairoc.eu\/wp-content\/uploads\/2023\/12\/market-facts-5-e1703618690251.png\" data-elementor-open-lightbox=\"yes\" data-e-action-hash=\"#elementor-action%3Aaction%3Dlightbox%26settings%3DeyJpZCI6MzU1LCJ1cmwiOiJodHRwczpcL1wva2Fpcm9jLmV1XC93cC1jb250ZW50XC91cGxvYWRzXC8yMDIzXC8xMlwvbWFya2V0LWZhY3RzLTUtZTE3MDM2MTg2OTAyNTEucG5nIn0%3D\">\n\t\t\t\t\t\t\t<img loading=\"lazy\" decoding=\"async\" width=\"800\" height=\"274\" src=\"https:\/\/kairoc.eu\/wp-content\/uploads\/2023\/12\/market-facts-5-e1703618690251.png\" class=\"elementor-animation-grow attachment-large size-large wp-image-355\" alt=\"\" srcset=\"https:\/\/kairoc.eu\/wp-content\/uploads\/2023\/12\/market-facts-5-e1703618690251.png 843w, https:\/\/kairoc.eu\/wp-content\/uploads\/2023\/12\/market-facts-5-e1703618690251-300x103.png 300w, https:\/\/kairoc.eu\/wp-content\/uploads\/2023\/12\/market-facts-5-e1703618690251-768x263.png 768w\" sizes=\"(max-width: 800px) 100vw, 800px\" \/>\t\t\t\t\t\t\t\t<\/a>\n\t\t\t\t\t\t\t\t\t\t\t\t\t\t\t<\/div>\n\t\t\t\t<\/div>\n\t\t\t\t<\/div>\n\t\t<div class=\"elementor-element elementor-element-4eb3d1c e-con-full e-flex e-con e-child\" data-id=\"4eb3d1c\" data-element_type=\"container\" data-e-type=\"container\">\n\t\t\t\t<div class=\"elementor-element elementor-element-24a0483 elementor-widget elementor-widget-heading\" data-id=\"24a0483\" data-element_type=\"widget\" data-e-type=\"widget\" data-widget_type=\"heading.default\">\n\t\t\t\t<div class=\"elementor-widget-container\">\n\t\t\t\t\t<h2 class=\"elementor-heading-title elementor-size-default\">UNA OPORTUNIDAD DE MERCADO<\/h2>\t\t\t\t<\/div>\n\t\t\t\t<\/div>\n\t\t\t\t<div class=\"elementor-element elementor-element-9304cbf elementor-widget-divider--view-line elementor-widget elementor-widget-divider\" data-id=\"9304cbf\" data-element_type=\"widget\" data-e-type=\"widget\" data-widget_type=\"divider.default\">\n\t\t\t\t<div class=\"elementor-widget-container\">\n\t\t\t\t\t\t\t<div class=\"elementor-divider\">\n\t\t\t<span class=\"elementor-divider-separator\">\n\t\t\t\t\t\t<\/span>\n\t\t<\/div>\n\t\t\t\t\t\t<\/div>\n\t\t\t\t<\/div>\n\t\t\t\t<div class=\"elementor-element elementor-element-634163a elementor-widget elementor-widget-text-editor\" data-id=\"634163a\" data-element_type=\"widget\" data-e-type=\"widget\" data-widget_type=\"text-editor.default\">\n\t\t\t\t<div class=\"elementor-widget-container\">\n\t\t\t\t\t\t\t\t\t<p>Los precios de las propiedades se han desplomado bruscamente en los activos de primera calidad, pero los rendimientos est\u00e1n aumentando marcadamente, y el hecho de que las tasas de desocupaci\u00f3n sean relativamente bajas y haya una demanda de alquiler constante con una oferta estable da una prima de escasez que muestra que la relaci\u00f3n riesgo\/rendimiento tiende a convertirse en cada vez m\u00e1s favorable para este nicho de inversi\u00f3n.<\/p>\t\t\t\t\t\t\t\t<\/div>\n\t\t\t\t<\/div>\n\t\t\t\t<\/div>\n\t\t\t\t\t<\/div>\n\t\t\t\t<\/div>\n\t\t\t\t<\/div>\n\t\t","protected":false},"excerpt":{"rendered":"<p>DATOS DEL MERCADO IMPACTO DEL RENDIMIENTO EN LOS VALORES DE CAPITAL DESDE EL 1T 2022 Lorem Ipsum is simply dummy text of the printing and typesetting industry. Lorem Ipsum has been the industry&#8217;s standard dummy text ever since the 1500s, when an unknown printer took a galley of type and scrambled it to make a [&hellip;]<\/p>\n","protected":false},"author":1,"featured_media":0,"parent":0,"menu_order":0,"comment_status":"closed","ping_status":"closed","template":"","meta":{"footnotes":""},"class_list":["post-844","page","type-page","status-publish","hentry"],"_links":{"self":[{"href":"https:\/\/kairoc.eu\/es\/wp-json\/wp\/v2\/pages\/844","targetHints":{"allow":["GET"]}}],"collection":[{"href":"https:\/\/kairoc.eu\/es\/wp-json\/wp\/v2\/pages"}],"about":[{"href":"https:\/\/kairoc.eu\/es\/wp-json\/wp\/v2\/types\/page"}],"author":[{"embeddable":true,"href":"https:\/\/kairoc.eu\/es\/wp-json\/wp\/v2\/users\/1"}],"replies":[{"embeddable":true,"href":"https:\/\/kairoc.eu\/es\/wp-json\/wp\/v2\/comments?post=844"}],"version-history":[{"count":4,"href":"https:\/\/kairoc.eu\/es\/wp-json\/wp\/v2\/pages\/844\/revisions"}],"predecessor-version":[{"id":891,"href":"https:\/\/kairoc.eu\/es\/wp-json\/wp\/v2\/pages\/844\/revisions\/891"}],"wp:attachment":[{"href":"https:\/\/kairoc.eu\/es\/wp-json\/wp\/v2\/media?parent=844"}],"curies":[{"name":"wp","href":"https:\/\/api.w.org\/{rel}","templated":true}]}}