{"id":842,"date":"2023-12-26T18:32:06","date_gmt":"2023-12-26T18:32:06","guid":{"rendered":"https:\/\/kairoc.eu\/investment-philosophy\/"},"modified":"2023-12-28T19:52:00","modified_gmt":"2023-12-28T19:52:00","slug":"filosofia-de-inversion","status":"publish","type":"page","link":"https:\/\/kairoc.eu\/es\/estrategia-inmobiliaria\/filosofia-de-inversion\/","title":{"rendered":"FILOSOF\u00cdA DE INVERSI\u00d3N"},"content":{"rendered":"\t\t<div data-elementor-type=\"wp-page\" data-elementor-id=\"842\" class=\"elementor elementor-842\" data-elementor-post-type=\"page\">\n\t\t\t\t<div class=\"elementor-element elementor-element-0391c3f e-flex e-con-boxed e-con e-parent\" data-id=\"0391c3f\" data-element_type=\"container\" data-e-type=\"container\" data-settings=\"{&quot;background_background&quot;:&quot;classic&quot;}\">\n\t\t\t\t\t<div class=\"e-con-inner\">\n\t\t\t\t<div class=\"elementor-element elementor-element-0609114 elementor-widget elementor-widget-heading\" data-id=\"0609114\" data-element_type=\"widget\" data-e-type=\"widget\" data-widget_type=\"heading.default\">\n\t\t\t\t<div class=\"elementor-widget-container\">\n\t\t\t\t\t<h2 class=\"elementor-heading-title elementor-size-default\">LA FILOSOF\u00cdA DE INVERSI\u00d3N<\/h2>\t\t\t\t<\/div>\n\t\t\t\t<\/div>\n\t\t\t\t<div class=\"elementor-element elementor-element-3ff30a7 elementor-widget elementor-widget-text-editor\" data-id=\"3ff30a7\" data-element_type=\"widget\" data-e-type=\"widget\" data-widget_type=\"text-editor.default\">\n\t\t\t\t<div class=\"elementor-widget-container\">\n\t\t\t\t\t\t\t\t\t<p>APROVECHAR LA DIN\u00c1MICA DEL MERCADO PARA OBTENER RENDIMIENTOS \u00d3PTIMOS<\/p>\t\t\t\t\t\t\t\t<\/div>\n\t\t\t\t<\/div>\n\t\t\t\t\t<\/div>\n\t\t\t\t<\/div>\n\t\t<div class=\"elementor-element elementor-element-a1a7b7e e-flex e-con-boxed e-con e-parent\" data-id=\"a1a7b7e\" data-element_type=\"container\" data-e-type=\"container\">\n\t\t\t\t\t<div class=\"e-con-inner\">\n\t\t\t\t<div class=\"elementor-element elementor-element-ae02664 elementor-widget elementor-widget-text-editor\" data-id=\"ae02664\" data-element_type=\"widget\" data-e-type=\"widget\" data-widget_type=\"text-editor.default\">\n\t\t\t\t<div class=\"elementor-widget-container\">\n\t\t\t\t\t\t\t\t\t<p>Aproveche un ciclo inmobiliario turbulento para tomar posiciones en activos prime en las principales ciudades francesas y alemanas, en condiciones de mercado con descuento. El objetivo es construir una cartera de entre 800 millones y 1.000 millones de euros, aprovechando el efecto apalancamiento, y luego vender la cartera en un plazo de 5 a 7 a\u00f1os, ya sea en su conjunto o individualmente para cada activo en un nuevo ciclo inmobiliario, mientras aprovechando al m\u00e1ximo la demanda en constante crecimiento por parte de los usuarios.<\/p><p>Esta estrategia ofrece la perspectiva de ingresos potenciales regulares y crecientes debido a la indexaci\u00f3n y los aumentos previstos en los valores de alquiler, impulsados por la baja rotaci\u00f3n de alquileres, y posibles ganancias de capital a lo largo del tiempo a trav\u00e9s de la compresi\u00f3n del rendimiento.<\/p>\t\t\t\t\t\t\t\t<\/div>\n\t\t\t\t<\/div>\n\t\t\t\t\t<\/div>\n\t\t\t\t<\/div>\n\t\t\t\t<\/div>\n\t\t","protected":false},"excerpt":{"rendered":"<p>LA FILOSOF\u00cdA DE INVERSI\u00d3N APROVECHAR LA DIN\u00c1MICA DEL MERCADO PARA OBTENER RENDIMIENTOS \u00d3PTIMOS Aproveche un ciclo inmobiliario turbulento para tomar posiciones en activos prime en las principales ciudades francesas y alemanas, en condiciones de mercado con descuento. El objetivo es construir una cartera de entre 800 millones y 1.000 millones de euros, aprovechando el efecto [&hellip;]<\/p>\n","protected":false},"author":1,"featured_media":0,"parent":845,"menu_order":0,"comment_status":"closed","ping_status":"closed","template":"","meta":{"footnotes":""},"class_list":["post-842","page","type-page","status-publish","hentry"],"_links":{"self":[{"href":"https:\/\/kairoc.eu\/es\/wp-json\/wp\/v2\/pages\/842","targetHints":{"allow":["GET"]}}],"collection":[{"href":"https:\/\/kairoc.eu\/es\/wp-json\/wp\/v2\/pages"}],"about":[{"href":"https:\/\/kairoc.eu\/es\/wp-json\/wp\/v2\/types\/page"}],"author":[{"embeddable":true,"href":"https:\/\/kairoc.eu\/es\/wp-json\/wp\/v2\/users\/1"}],"replies":[{"embeddable":true,"href":"https:\/\/kairoc.eu\/es\/wp-json\/wp\/v2\/comments?post=842"}],"version-history":[{"count":4,"href":"https:\/\/kairoc.eu\/es\/wp-json\/wp\/v2\/pages\/842\/revisions"}],"predecessor-version":[{"id":910,"href":"https:\/\/kairoc.eu\/es\/wp-json\/wp\/v2\/pages\/842\/revisions\/910"}],"up":[{"embeddable":true,"href":"https:\/\/kairoc.eu\/es\/wp-json\/wp\/v2\/pages\/845"}],"wp:attachment":[{"href":"https:\/\/kairoc.eu\/es\/wp-json\/wp\/v2\/media?parent=842"}],"curies":[{"name":"wp","href":"https:\/\/api.w.org\/{rel}","templated":true}]}}