{"id":840,"date":"2023-12-26T19:31:46","date_gmt":"2023-12-26T19:31:46","guid":{"rendered":"https:\/\/kairoc.eu\/disclaimers\/"},"modified":"2023-12-28T19:49:30","modified_gmt":"2023-12-28T19:49:30","slug":"disclaimers","status":"publish","type":"page","link":"https:\/\/kairoc.eu\/es\/disclaimers\/","title":{"rendered":"DISCLAIMERS"},"content":{"rendered":"\t\t<div data-elementor-type=\"wp-page\" data-elementor-id=\"840\" class=\"elementor elementor-840\" data-elementor-post-type=\"page\">\n\t\t\t\t<div class=\"elementor-element elementor-element-a41ade4 e-flex e-con-boxed e-con e-parent\" data-id=\"a41ade4\" data-element_type=\"container\" data-e-type=\"container\" data-settings=\"{&quot;background_background&quot;:&quot;classic&quot;}\">\n\t\t\t\t\t<div class=\"e-con-inner\">\n\t\t\t\t<div class=\"elementor-element elementor-element-73c2bba elementor-widget elementor-widget-heading\" data-id=\"73c2bba\" data-element_type=\"widget\" data-e-type=\"widget\" data-widget_type=\"heading.default\">\n\t\t\t\t<div class=\"elementor-widget-container\">\n\t\t\t\t\t<h2 class=\"elementor-heading-title elementor-size-default\">DISCLAIMERS<\/h2>\t\t\t\t<\/div>\n\t\t\t\t<\/div>\n\t\t\t\t\t<\/div>\n\t\t\t\t<\/div>\n\t\t<div class=\"elementor-element elementor-element-30ff7d7 e-flex e-con-boxed e-con e-parent\" data-id=\"30ff7d7\" data-element_type=\"container\" data-e-type=\"container\">\n\t\t\t\t\t<div class=\"e-con-inner\">\n\t\t\t\t<div class=\"elementor-element elementor-element-9994fe3 elementor-widget elementor-widget-text-editor\" data-id=\"9994fe3\" data-element_type=\"widget\" data-e-type=\"widget\" data-widget_type=\"text-editor.default\">\n\t\t\t\t<div class=\"elementor-widget-container\">\n\t\t\t\t\t\t\t\t\t<p>Este sitio web y su contenido se proporcionan \u00fanicamente con fines informativos. La informaci\u00f3n contenida en este sitio web no es una oferta de venta ni una invitaci\u00f3n a invertir y no constituye un asesoramiento de inversi\u00f3n financiera. No se debe tomar ninguna decisi\u00f3n de inversi\u00f3n basada en la informaci\u00f3n proporcionada en este sitio web.<\/p><p>Invertir en cualquier fondo mencionado en este sitio web puede implicar un riesgo de p\u00e9rdida de capital debido a riesgos econ\u00f3micos y de mercado. El valor de una inversi\u00f3n puede aumentar o disminuir, as\u00ed como los ingresos asociados. El rendimiento pasado no garantiza el rendimiento futuro.<\/p><p>Para las adquisiciones bajo acuerdos de compra y aquellas pendientes de diligencia debida mencionadas en este sitio web, las fluctuaciones del mercado, incluidas las condiciones suspensivas con los derechos de preferencia de las entidades p\u00fablicas y posiblemente de los inquilinos, as\u00ed como otras condiciones como reclamaciones, hacen que estas adquisiciones sean inciertas. Por lo tanto, no se debe tomar ninguna decisi\u00f3n de inversi\u00f3n bas\u00e1ndose \u00fanicamente en estas adquisiciones.<\/p><p>Los inversores potenciales deben revisar toda la documentaci\u00f3n contractual en su totalidad y consultar con sus asesores antes de tomar cualquier decisi\u00f3n de inversi\u00f3n.<\/p><p>Esta comunicaci\u00f3n en el sitio web est\u00e1 destinada \u00fanicamente a la persona que accede al mismo y es estrictamente confidencial. La informaci\u00f3n contenida en este sitio web es confidencial y exclusiva y est\u00e1 destinada al uso exclusivo del destinatario inicialmente mencionado.<\/p><p>El contenido de esta comunicaci\u00f3n en el sitio web no debe interpretarse como asesoramiento legal, fiscal o de inversi\u00f3n. El contenido se proporciona \u00fanicamente con fines informativos y no constituye una oferta de venta o una solicitud de oferta para comprar valores, contratos de futuros, opciones, acciones de fondos o cualquier producto o servicio financiero, ni una recomendaci\u00f3n para realizar una inversi\u00f3n o transacci\u00f3n. .<\/p>\t\t\t\t\t\t\t\t<\/div>\n\t\t\t\t<\/div>\n\t\t\t\t\t<\/div>\n\t\t\t\t<\/div>\n\t\t<div class=\"elementor-element elementor-element-0a9f470 e-flex e-con-boxed e-con e-parent\" data-id=\"0a9f470\" data-element_type=\"container\" data-e-type=\"container\">\n\t\t\t\t\t<div class=\"e-con-inner\">\n\t\t<div class=\"elementor-element elementor-element-ed6a72f e-con-full e-flex e-con e-child\" data-id=\"ed6a72f\" data-element_type=\"container\" data-e-type=\"container\">\n\t\t\t\t<div class=\"elementor-element elementor-element-ce8a731 elementor-widget elementor-widget-heading\" data-id=\"ce8a731\" data-element_type=\"widget\" data-e-type=\"widget\" data-widget_type=\"heading.default\">\n\t\t\t\t<div class=\"elementor-widget-container\">\n\t\t\t\t\t<h2 class=\"elementor-heading-title elementor-size-default\">RIESGOS E INCERTIDUMBRES<\/h2>\t\t\t\t<\/div>\n\t\t\t\t<\/div>\n\t\t\t\t<div class=\"elementor-element elementor-element-ecadba2 elementor-widget-divider--view-line elementor-widget elementor-widget-divider\" data-id=\"ecadba2\" data-element_type=\"widget\" data-e-type=\"widget\" data-widget_type=\"divider.default\">\n\t\t\t\t<div class=\"elementor-widget-container\">\n\t\t\t\t\t\t\t<div class=\"elementor-divider\">\n\t\t\t<span class=\"elementor-divider-separator\">\n\t\t\t\t\t\t<\/span>\n\t\t<\/div>\n\t\t\t\t\t\t<\/div>\n\t\t\t\t<\/div>\n\t\t\t\t<div class=\"elementor-element elementor-element-d695478 elementor-widget elementor-widget-text-editor\" data-id=\"d695478\" data-element_type=\"widget\" data-e-type=\"widget\" data-widget_type=\"text-editor.default\">\n\t\t\t\t<div class=\"elementor-widget-container\">\n\t\t\t\t\t\t\t\t\t<p>La inversi\u00f3n en el Fondo implica un riesgo sustancial. No hay garant\u00eda de capital ni de que se alcanzar\u00e1n los objetivos de inversi\u00f3n del Fondo, y los resultados de la inversi\u00f3n pueden variar considerablemente con el tiempo.<\/p><p>La inversi\u00f3n en el Fondo no pretende constituir un programa de inversi\u00f3n completo para ning\u00fan inversor.<\/p><p>La inversi\u00f3n en los Fondos est\u00e1 destinada a inversores experimentados que puedan comprender y aceptar los riesgos involucrados.<\/p><p>Un inversionista potencial debe ser consciente de que cualquier inversi\u00f3n y cualquier ingreso de una inversi\u00f3n puede subir o bajar, que el capital de un inversionista est\u00e1 en riesgo y que es posible que el inversionista no recupere la cantidad invertida. Es probable que cualquier inversi\u00f3n resulte en una p\u00e9rdida de capital.<\/p><p>Una inversi\u00f3n en la Compa\u00f1\u00eda es altamente especulativa e implica riesgos que los inversores potenciales y sus asesores profesionales deben considerar cuidadosamente antes de suscribirse.<\/p>\t\t\t\t\t\t\t\t<\/div>\n\t\t\t\t<\/div>\n\t\t\t\t<\/div>\n\t\t<div class=\"elementor-element elementor-element-813256c e-con-full e-flex e-con e-child\" data-id=\"813256c\" data-element_type=\"container\" data-e-type=\"container\" data-settings=\"{&quot;background_background&quot;:&quot;classic&quot;}\">\n\t\t\t\t<div class=\"elementor-element elementor-element-dbf90ec elementor-widget elementor-widget-spacer\" data-id=\"dbf90ec\" data-element_type=\"widget\" data-e-type=\"widget\" data-widget_type=\"spacer.default\">\n\t\t\t\t<div class=\"elementor-widget-container\">\n\t\t\t\t\t\t\t<div class=\"elementor-spacer\">\n\t\t\t<div class=\"elementor-spacer-inner\"><\/div>\n\t\t<\/div>\n\t\t\t\t\t\t<\/div>\n\t\t\t\t<\/div>\n\t\t\t\t<\/div>\n\t\t\t\t\t<\/div>\n\t\t\t\t<\/div>\n\t\t<div class=\"elementor-element elementor-element-32b73c3 e-flex e-con-boxed e-con e-parent\" data-id=\"32b73c3\" data-element_type=\"container\" data-e-type=\"container\">\n\t\t\t\t\t<div class=\"e-con-inner\">\n\t\t<div class=\"elementor-element elementor-element-e2a1a24 e-con-full e-flex e-con e-child\" data-id=\"e2a1a24\" data-element_type=\"container\" data-e-type=\"container\">\n\t\t\t\t<div class=\"elementor-element elementor-element-f6a44a4 elementor-widget elementor-widget-heading\" data-id=\"f6a44a4\" data-element_type=\"widget\" data-e-type=\"widget\" data-widget_type=\"heading.default\">\n\t\t\t\t<div class=\"elementor-widget-container\">\n\t\t\t\t\t<h2 class=\"elementor-heading-title elementor-size-default\">EJEMPLOS DE RIESGOS<\/h2>\t\t\t\t<\/div>\n\t\t\t\t<\/div>\n\t\t\t\t<div class=\"elementor-element elementor-element-4406c2a elementor-widget-divider--view-line elementor-widget elementor-widget-divider\" data-id=\"4406c2a\" data-element_type=\"widget\" data-e-type=\"widget\" data-widget_type=\"divider.default\">\n\t\t\t\t<div class=\"elementor-widget-container\">\n\t\t\t\t\t\t\t<div class=\"elementor-divider\">\n\t\t\t<span class=\"elementor-divider-separator\">\n\t\t\t\t\t\t<\/span>\n\t\t<\/div>\n\t\t\t\t\t\t<\/div>\n\t\t\t\t<\/div>\n\t\t\t\t<div class=\"elementor-element elementor-element-61fa157 elementor-icon-list--layout-traditional elementor-list-item-link-full_width elementor-widget elementor-widget-icon-list\" data-id=\"61fa157\" data-element_type=\"widget\" data-e-type=\"widget\" data-widget_type=\"icon-list.default\">\n\t\t\t\t<div class=\"elementor-widget-container\">\n\t\t\t\t\t\t\t<ul class=\"elementor-icon-list-items\">\n\t\t\t\t\t\t\t<li class=\"elementor-icon-list-item\">\n\t\t\t\t\t\t\t\t\t\t\t<span class=\"elementor-icon-list-icon\">\n\t\t\t\t\t\t\t<i aria-hidden=\"true\" class=\"jki jki-check-circle\"><\/i>\t\t\t\t\t\t<\/span>\n\t\t\t\t\t\t\t\t\t\t<span class=\"elementor-icon-list-text\">Riesgos relacionados con el sector inmobiliario<\/span>\n\t\t\t\t\t\t\t\t\t<\/li>\n\t\t\t\t\t\t\t\t<li class=\"elementor-icon-list-item\">\n\t\t\t\t\t\t\t\t\t\t\t<span class=\"elementor-icon-list-icon\">\n\t\t\t\t\t\t\t<i aria-hidden=\"true\" class=\"jki jki-check-circle\"><\/i>\t\t\t\t\t\t<\/span>\n\t\t\t\t\t\t\t\t\t\t<span class=\"elementor-icon-list-text\">Incertidumbre de resultados futuros; declaraciones prospectivas; opiniones<\/span>\n\t\t\t\t\t\t\t\t\t<\/li>\n\t\t\t\t\t\t\t\t<li class=\"elementor-icon-list-item\">\n\t\t\t\t\t\t\t\t\t\t\t<span class=\"elementor-icon-list-icon\">\n\t\t\t\t\t\t\t<i aria-hidden=\"true\" class=\"jki jki-check-circle\"><\/i>\t\t\t\t\t\t<\/span>\n\t\t\t\t\t\t\t\t\t\t<span class=\"elementor-icon-list-text\">Retorno de la inversi\u00f3n no garantizado<\/span>\n\t\t\t\t\t\t\t\t\t<\/li>\n\t\t\t\t\t\t\t\t<li class=\"elementor-icon-list-item\">\n\t\t\t\t\t\t\t\t\t\t\t<span class=\"elementor-icon-list-icon\">\n\t\t\t\t\t\t\t<i aria-hidden=\"true\" class=\"jki jki-check-circle\"><\/i>\t\t\t\t\t\t<\/span>\n\t\t\t\t\t\t\t\t\t\t<span class=\"elementor-icon-list-text\">Riesgos econ\u00f3micos, pol\u00edticos y legales<\/span>\n\t\t\t\t\t\t\t\t\t<\/li>\n\t\t\t\t\t\t\t\t<li class=\"elementor-icon-list-item\">\n\t\t\t\t\t\t\t\t\t\t\t<span class=\"elementor-icon-list-icon\">\n\t\t\t\t\t\t\t<i aria-hidden=\"true\" class=\"jki jki-check-circle\"><\/i>\t\t\t\t\t\t<\/span>\n\t\t\t\t\t\t\t\t\t\t<span class=\"elementor-icon-list-text\">Riesgos fiscales<\/span>\n\t\t\t\t\t\t\t\t\t<\/li>\n\t\t\t\t\t\t\t\t<li class=\"elementor-icon-list-item\">\n\t\t\t\t\t\t\t\t\t\t\t<span class=\"elementor-icon-list-icon\">\n\t\t\t\t\t\t\t<i aria-hidden=\"true\" class=\"jki jki-check-circle\"><\/i>\t\t\t\t\t\t<\/span>\n\t\t\t\t\t\t\t\t\t\t<span class=\"elementor-icon-list-text\">Riesgo de concentraci\u00f3n<\/span>\n\t\t\t\t\t\t\t\t\t<\/li>\n\t\t\t\t\t\t\t\t<li class=\"elementor-icon-list-item\">\n\t\t\t\t\t\t\t\t\t\t\t<span class=\"elementor-icon-list-icon\">\n\t\t\t\t\t\t\t<i aria-hidden=\"true\" class=\"jki jki-check-circle\"><\/i>\t\t\t\t\t\t<\/span>\n\t\t\t\t\t\t\t\t\t\t<span class=\"elementor-icon-list-text\">Fluctuaciones en los mercados financieros<\/span>\n\t\t\t\t\t\t\t\t\t<\/li>\n\t\t\t\t\t\t\t\t<li class=\"elementor-icon-list-item\">\n\t\t\t\t\t\t\t\t\t\t\t<span class=\"elementor-icon-list-icon\">\n\t\t\t\t\t\t\t<i aria-hidden=\"true\" class=\"jki jki-check-circle\"><\/i>\t\t\t\t\t\t<\/span>\n\t\t\t\t\t\t\t\t\t\t<span class=\"elementor-icon-list-text\">Posibles conflictos de intereses<\/span>\n\t\t\t\t\t\t\t\t\t<\/li>\n\t\t\t\t\t\t\t\t<li class=\"elementor-icon-list-item\">\n\t\t\t\t\t\t\t\t\t\t\t<span class=\"elementor-icon-list-icon\">\n\t\t\t\t\t\t\t<i aria-hidden=\"true\" class=\"jki jki-check-circle\"><\/i>\t\t\t\t\t\t<\/span>\n\t\t\t\t\t\t\t\t\t\t<span class=\"elementor-icon-list-text\">Inversiones il\u00edquidas<\/span>\n\t\t\t\t\t\t\t\t\t<\/li>\n\t\t\t\t\t\t\t\t<li class=\"elementor-icon-list-item\">\n\t\t\t\t\t\t\t\t\t\t\t<span class=\"elementor-icon-list-icon\">\n\t\t\t\t\t\t\t<i aria-hidden=\"true\" class=\"jki jki-check-circle\"><\/i>\t\t\t\t\t\t<\/span>\n\t\t\t\t\t\t\t\t\t\t<span class=\"elementor-icon-list-text\">Posible falta de diversificaci\u00f3n<\/span>\n\t\t\t\t\t\t\t\t\t<\/li>\n\t\t\t\t\t\t<\/ul>\n\t\t\t\t\t\t<\/div>\n\t\t\t\t<\/div>\n\t\t\t\t<\/div>\n\t\t<div class=\"elementor-element elementor-element-d2e84c6 e-con-full e-flex e-con e-child\" data-id=\"d2e84c6\" data-element_type=\"container\" data-e-type=\"container\" data-settings=\"{&quot;background_background&quot;:&quot;classic&quot;}\">\n\t\t\t\t<div class=\"elementor-element elementor-element-510ec44 elementor-widget elementor-widget-spacer\" data-id=\"510ec44\" data-element_type=\"widget\" data-e-type=\"widget\" data-widget_type=\"spacer.default\">\n\t\t\t\t<div class=\"elementor-widget-container\">\n\t\t\t\t\t\t\t<div class=\"elementor-spacer\">\n\t\t\t<div class=\"elementor-spacer-inner\"><\/div>\n\t\t<\/div>\n\t\t\t\t\t\t<\/div>\n\t\t\t\t<\/div>\n\t\t\t\t<\/div>\n\t\t\t\t\t<\/div>\n\t\t\t\t<\/div>\n\t\t\t\t<\/div>\n\t\t","protected":false},"excerpt":{"rendered":"<p>DISCLAIMERS Este sitio web y su contenido se proporcionan \u00fanicamente con fines informativos. La informaci\u00f3n contenida en este sitio web no es una oferta de venta ni una invitaci\u00f3n a invertir y no constituye un asesoramiento de inversi\u00f3n financiera. No se debe tomar ninguna decisi\u00f3n de inversi\u00f3n basada en la informaci\u00f3n proporcionada en este sitio [&hellip;]<\/p>\n","protected":false},"author":1,"featured_media":0,"parent":0,"menu_order":0,"comment_status":"closed","ping_status":"closed","template":"","meta":{"footnotes":""},"class_list":["post-840","page","type-page","status-publish","hentry"],"_links":{"self":[{"href":"https:\/\/kairoc.eu\/es\/wp-json\/wp\/v2\/pages\/840","targetHints":{"allow":["GET"]}}],"collection":[{"href":"https:\/\/kairoc.eu\/es\/wp-json\/wp\/v2\/pages"}],"about":[{"href":"https:\/\/kairoc.eu\/es\/wp-json\/wp\/v2\/types\/page"}],"author":[{"embeddable":true,"href":"https:\/\/kairoc.eu\/es\/wp-json\/wp\/v2\/users\/1"}],"replies":[{"embeddable":true,"href":"https:\/\/kairoc.eu\/es\/wp-json\/wp\/v2\/comments?post=840"}],"version-history":[{"count":6,"href":"https:\/\/kairoc.eu\/es\/wp-json\/wp\/v2\/pages\/840\/revisions"}],"predecessor-version":[{"id":901,"href":"https:\/\/kairoc.eu\/es\/wp-json\/wp\/v2\/pages\/840\/revisions\/901"}],"wp:attachment":[{"href":"https:\/\/kairoc.eu\/es\/wp-json\/wp\/v2\/media?parent=840"}],"curies":[{"name":"wp","href":"https:\/\/api.w.org\/{rel}","templated":true}]}}